{"id":4611,"date":"2025-04-18T15:37:35","date_gmt":"2025-04-18T13:37:35","guid":{"rendered":"https:\/\/www.studio-ema.com\/?page_id=4611"},"modified":"2025-04-24T09:42:29","modified_gmt":"2025-04-24T07:42:29","slug":"presse","status":"publish","type":"page","link":"https:\/\/www.studio-ema.com\/index.php\/presse\/","title":{"rendered":"Presse &#038; \u00c9dition"},"content":{"rendered":"\t\t<div data-elementor-type=\"wp-page\" data-elementor-id=\"4611\" class=\"elementor elementor-4611\" data-elementor-post-type=\"page\">\n\t\t\t\t\t\t<section class=\"elementor-section elementor-top-section elementor-element elementor-element-14e6898 elementor-hidden-mobile elementor-section-boxed elementor-section-height-default elementor-section-height-default\" data-id=\"14e6898\" data-element_type=\"section\" data-e-type=\"section\">\n\t\t\t\t\t\t<div class=\"elementor-container elementor-column-gap-default\">\n\t\t\t\t\t<div class=\"elementor-column elementor-col-50 elementor-top-column elementor-element elementor-element-d9f8df1\" data-id=\"d9f8df1\" data-element_type=\"column\" data-e-type=\"column\">\n\t\t\t<div class=\"elementor-widget-wrap elementor-element-populated\">\n\t\t\t\t\t\t<div class=\"elementor-element elementor-element-23e45fd elementor-widget elementor-widget-heading\" data-id=\"23e45fd\" data-element_type=\"widget\" data-e-type=\"widget\" data-widget_type=\"heading.default\">\n\t\t\t\t<div class=\"elementor-widget-container\">\n\t\t\t\t\t<h1 class=\"elementor-heading-title elementor-size-xxl\">PRESSE &amp; \u00c9DITION<\/h1>\t\t\t\t<\/div>\n\t\t\t\t<\/div>\n\t\t\t\t<div class=\"elementor-element elementor-element-098c831 elementor-widget elementor-widget-text-editor\" data-id=\"098c831\" data-element_type=\"widget\" data-e-type=\"widget\" data-widget_type=\"text-editor.default\">\n\t\t\t\t<div class=\"elementor-widget-container\">\n\t\t\t\t\t\t\t\t\t<p style=\"text-align: center;\">NON, le print n&#8217;est pas mort, loin de l\u00e0 !<\/p>\t\t\t\t\t\t\t\t<\/div>\n\t\t\t\t<\/div>\n\t\t\t\t<div class=\"elementor-element elementor-element-3ea1a00 elementor-widget elementor-widget-image\" data-id=\"3ea1a00\" data-element_type=\"widget\" data-e-type=\"widget\" data-widget_type=\"image.default\">\n\t\t\t\t<div class=\"elementor-widget-container\">\n\t\t\t\t\t\t\t\t\t\t\t\t\t\t\t<img fetchpriority=\"high\" decoding=\"async\" width=\"2560\" height=\"1707\" src=\"https:\/\/www.studio-ema.com\/wp-content\/uploads\/2024\/09\/delon_6-scaled.jpg\" class=\"attachment-full size-full wp-image-4305\" alt=\"Studio Ema magazines \u00e9dition presse Lafont Presse entreprendre Album sp\u00e9cial Alain Delon\" srcset=\"https:\/\/www.studio-ema.com\/wp-content\/uploads\/2024\/09\/delon_6-scaled.jpg 2560w, https:\/\/www.studio-ema.com\/wp-content\/uploads\/2024\/09\/delon_6-300x200.jpg 300w, https:\/\/www.studio-ema.com\/wp-content\/uploads\/2024\/09\/delon_6-1024x683.jpg 1024w, https:\/\/www.studio-ema.com\/wp-content\/uploads\/2024\/09\/delon_6-768x512.jpg 768w, https:\/\/www.studio-ema.com\/wp-content\/uploads\/2024\/09\/delon_6-1536x1024.jpg 1536w, https:\/\/www.studio-ema.com\/wp-content\/uploads\/2024\/09\/delon_6-2048x1365.jpg 2048w, https:\/\/www.studio-ema.com\/wp-content\/uploads\/2024\/09\/delon_6-1320x880.jpg 1320w\" sizes=\"100vw\" \/>\t\t\t\t\t\t\t\t\t\t\t\t\t\t\t<\/div>\n\t\t\t\t<\/div>\n\t\t\t\t\t<\/div>\n\t\t<\/div>\n\t\t\t\t<div class=\"elementor-column elementor-col-50 elementor-top-column elementor-element elementor-element-9f6ca98\" data-id=\"9f6ca98\" data-element_type=\"column\" data-e-type=\"column\">\n\t\t\t<div class=\"elementor-widget-wrap elementor-element-populated\">\n\t\t\t\t\t\t<div class=\"elementor-element elementor-element-afd81e1 elementor-widget elementor-widget-image\" data-id=\"afd81e1\" data-element_type=\"widget\" data-e-type=\"widget\" data-widget_type=\"image.default\">\n\t\t\t\t<div class=\"elementor-widget-container\">\n\t\t\t\t\t\t\t\t\t\t\t\t\t\t\t<img decoding=\"async\" width=\"740\" height=\"435\" src=\"https:\/\/www.studio-ema.com\/wp-content\/uploads\/2025\/04\/StudioEma_Projets_Magazine_JournaldeFrance8-1024x602.jpg\" class=\"attachment-large size-large wp-image-4587\" alt=\"Studio Ema Edition Presse Magazine Journal_de_France_ingrid Chauvin Laurent Mariotte, Sylvie Vartan, Pamela Anderson, Julia Roberts, Vincent Lagaf&#039;\" srcset=\"https:\/\/www.studio-ema.com\/wp-content\/uploads\/2025\/04\/StudioEma_Projets_Magazine_JournaldeFrance8-1024x602.jpg 1024w, https:\/\/www.studio-ema.com\/wp-content\/uploads\/2025\/04\/StudioEma_Projets_Magazine_JournaldeFrance8-300x177.jpg 300w, https:\/\/www.studio-ema.com\/wp-content\/uploads\/2025\/04\/StudioEma_Projets_Magazine_JournaldeFrance8-768x452.jpg 768w, https:\/\/www.studio-ema.com\/wp-content\/uploads\/2025\/04\/StudioEma_Projets_Magazine_JournaldeFrance8-1536x904.jpg 1536w, https:\/\/www.studio-ema.com\/wp-content\/uploads\/2025\/04\/StudioEma_Projets_Magazine_JournaldeFrance8-1320x777.jpg 1320w, https:\/\/www.studio-ema.com\/wp-content\/uploads\/2025\/04\/StudioEma_Projets_Magazine_JournaldeFrance8.jpg 1771w\" sizes=\"100vw\" \/>\t\t\t\t\t\t\t\t\t\t\t\t\t\t\t<\/div>\n\t\t\t\t<\/div>\n\t\t\t\t<div class=\"elementor-element elementor-element-3e642a1 elementor-widget__width-initial elementor-widget elementor-widget-text-editor\" data-id=\"3e642a1\" data-element_type=\"widget\" data-e-type=\"widget\" data-widget_type=\"text-editor.default\">\n\t\t\t\t<div class=\"elementor-widget-container\">\n\t\t\t\t\t\t\t\t\t<p class=\"\" data-start=\"305\" data-end=\"386\"><span class=\"relative -mx-px my-[-0.2rem] rounded px-px py-[0.2rem] transition-colors duration-100 ease-in-out\">Je mets \u00e9galement mon savoir-faire au service des \u00e9diteurs, des r\u00e9dactions, des maisons d\u2019\u00e9dition et aussi des auto-\u00e9diteurs en qu\u00eate d\u2019une direction artistique \u00e9l\u00e9gante, structur\u00e9e et percutante. <br \/>Mon univers visuel allie exigence graphique, sens du d\u00e9tail et justesse \u00e9ditoriale, pour sublimer vos contenus et captiver vos lecteurs d\u00e8s la premi\u00e8re page.<\/span>\u200b<\/p><p class=\"\" data-start=\"388\" data-end=\"469\"><span class=\"relative -mx-px my-[-0.2rem] rounded px-px py-[0.2rem] transition-colors duration-100 ease-in-out\">Je con\u00e7ois et mets en page des magazines au ton glamour et raffin\u00e9 : presse people, presse f\u00e9minine, dossiers th\u00e9matiques autour de grandes figures de la culture ou du spectacle\u2026 Chaque projet b\u00e9n\u00e9ficie d\u2019une attention particuli\u00e8re, d\u2019un soin typographique pr\u00e9cis et d\u2019une mise en sc\u00e8ne graphique coh\u00e9rente avec l\u2019identit\u00e9 de votre publication.<\/span><\/p>\t\t\t\t\t\t\t\t<\/div>\n\t\t\t\t<\/div>\n\t\t\t\t\t<\/div>\n\t\t<\/div>\n\t\t\t\t\t<\/div>\n\t\t<\/section>\n\t\t\t\t<section class=\"elementor-section elementor-top-section elementor-element elementor-element-07936cc elementor-hidden-desktop elementor-hidden-tablet elementor-section-boxed elementor-section-height-default elementor-section-height-default\" data-id=\"07936cc\" data-element_type=\"section\" data-e-type=\"section\">\n\t\t\t\t\t\t<div class=\"elementor-container elementor-column-gap-default\">\n\t\t\t\t\t<div class=\"elementor-column elementor-col-100 elementor-top-column elementor-element elementor-element-e8784c3\" data-id=\"e8784c3\" data-element_type=\"column\" data-e-type=\"column\">\n\t\t\t<div class=\"elementor-widget-wrap elementor-element-populated\">\n\t\t\t\t\t\t<div class=\"elementor-element elementor-element-40fe935 elementor-widget elementor-widget-heading\" data-id=\"40fe935\" data-element_type=\"widget\" data-e-type=\"widget\" data-widget_type=\"heading.default\">\n\t\t\t\t<div class=\"elementor-widget-container\">\n\t\t\t\t\t<h1 class=\"elementor-heading-title elementor-size-xxl\">PRINT &amp; MEDIAS<\/h1>\t\t\t\t<\/div>\n\t\t\t\t<\/div>\n\t\t\t\t<div class=\"elementor-element elementor-element-bb3fcc2 elementor-widget elementor-widget-heading\" data-id=\"bb3fcc2\" data-element_type=\"widget\" data-e-type=\"widget\" data-widget_type=\"heading.default\">\n\t\t\t\t<div class=\"elementor-widget-container\">\n\t\t\t\t\t<h2 class=\"elementor-heading-title elementor-size-default\">Offline<\/h2>\t\t\t\t<\/div>\n\t\t\t\t<\/div>\n\t\t\t\t<div class=\"elementor-element elementor-element-3aba358 elementor-widget elementor-widget-text-editor\" data-id=\"3aba358\" data-element_type=\"widget\" data-e-type=\"widget\" data-widget_type=\"text-editor.default\">\n\t\t\t\t<div class=\"elementor-widget-container\">\n\t\t\t\t\t\t\t\t\t<p style=\"text-align: center;\">NON, le print n&#8217;est pas mort, loin de l\u00e0 !<\/p>\t\t\t\t\t\t\t\t<\/div>\n\t\t\t\t<\/div>\n\t\t\t\t<div class=\"elementor-element elementor-element-41c6758 elementor-widget elementor-widget-image\" data-id=\"41c6758\" data-element_type=\"widget\" data-e-type=\"widget\" data-widget_type=\"image.default\">\n\t\t\t\t<div class=\"elementor-widget-container\">\n\t\t\t\t\t\t\t\t\t\t\t\t\t\t\t<img decoding=\"async\" width=\"740\" height=\"436\" src=\"https:\/\/www.studio-ema.com\/wp-content\/uploads\/2025\/04\/StudioEma_Projets_Magazine_JournaldeFrance8-768x452.jpg\" class=\"attachment-medium_large size-medium_large wp-image-4587\" alt=\"Studio Ema Edition Presse Magazine Journal_de_France_ingrid Chauvin Laurent Mariotte, Sylvie Vartan, Pamela Anderson, Julia Roberts, Vincent Lagaf&#039;\" srcset=\"https:\/\/www.studio-ema.com\/wp-content\/uploads\/2025\/04\/StudioEma_Projets_Magazine_JournaldeFrance8-768x452.jpg 768w, https:\/\/www.studio-ema.com\/wp-content\/uploads\/2025\/04\/StudioEma_Projets_Magazine_JournaldeFrance8-300x177.jpg 300w, https:\/\/www.studio-ema.com\/wp-content\/uploads\/2025\/04\/StudioEma_Projets_Magazine_JournaldeFrance8-1024x602.jpg 1024w, https:\/\/www.studio-ema.com\/wp-content\/uploads\/2025\/04\/StudioEma_Projets_Magazine_JournaldeFrance8-1536x904.jpg 1536w, https:\/\/www.studio-ema.com\/wp-content\/uploads\/2025\/04\/StudioEma_Projets_Magazine_JournaldeFrance8-1320x777.jpg 1320w, https:\/\/www.studio-ema.com\/wp-content\/uploads\/2025\/04\/StudioEma_Projets_Magazine_JournaldeFrance8.jpg 1771w\" sizes=\"100vw\" \/>\t\t\t\t\t\t\t\t\t\t\t\t\t\t\t<\/div>\n\t\t\t\t<\/div>\n\t\t\t\t<div class=\"elementor-element elementor-element-bc02969 elementor-widget elementor-widget-image\" data-id=\"bc02969\" data-element_type=\"widget\" data-e-type=\"widget\" data-widget_type=\"image.default\">\n\t\t\t\t<div class=\"elementor-widget-container\">\n\t\t\t\t\t\t\t\t\t\t\t\t\t\t\t<img loading=\"lazy\" decoding=\"async\" width=\"740\" height=\"493\" src=\"https:\/\/www.studio-ema.com\/wp-content\/uploads\/2024\/09\/Studio_Ema_edition_bardot_2-768x512.jpg\" class=\"attachment-medium_large size-medium_large wp-image-4323\" alt=\"Studio Ema magazine \u00e9dition presse album Brigitte bardot\" srcset=\"https:\/\/www.studio-ema.com\/wp-content\/uploads\/2024\/09\/Studio_Ema_edition_bardot_2-768x512.jpg 768w, https:\/\/www.studio-ema.com\/wp-content\/uploads\/2024\/09\/Studio_Ema_edition_bardot_2-300x200.jpg 300w, https:\/\/www.studio-ema.com\/wp-content\/uploads\/2024\/09\/Studio_Ema_edition_bardot_2-1024x683.jpg 1024w, https:\/\/www.studio-ema.com\/wp-content\/uploads\/2024\/09\/Studio_Ema_edition_bardot_2-1536x1024.jpg 1536w, https:\/\/www.studio-ema.com\/wp-content\/uploads\/2024\/09\/Studio_Ema_edition_bardot_2-2048x1365.jpg 2048w, https:\/\/www.studio-ema.com\/wp-content\/uploads\/2024\/09\/Studio_Ema_edition_bardot_2-1320x880.jpg 1320w\" sizes=\"100vw\" \/>\t\t\t\t\t\t\t\t\t\t\t\t\t\t\t<\/div>\n\t\t\t\t<\/div>\n\t\t\t\t<div class=\"elementor-element elementor-element-961a278 elementor-widget elementor-widget-text-editor\" data-id=\"961a278\" data-element_type=\"widget\" data-e-type=\"widget\" data-widget_type=\"text-editor.default\">\n\t\t\t\t<div class=\"elementor-widget-container\">\n\t\t\t\t\t\t\t\t\t<p class=\"\" data-start=\"305\" data-end=\"386\"><span class=\"relative -mx-px my-[-0.2rem] rounded px-px py-[0.2rem] transition-colors duration-100 ease-in-out\">Je mets \u00e9galement mon savoir-faire au service des \u00e9diteurs, des r\u00e9dactions, des maisons d\u2019\u00e9dition et aussi des auto-\u00e9diteurs en qu\u00eate d\u2019une direction artistique \u00e9l\u00e9gante, structur\u00e9e et percutante. <br \/>Mon univers visuel allie exigence graphique, sens du d\u00e9tail et justesse \u00e9ditoriale, pour sublimer vos contenus et captiver vos lecteurs d\u00e8s la premi\u00e8re page.<\/span>\u200b<\/p><p class=\"\" data-start=\"388\" data-end=\"469\"><span class=\"relative -mx-px my-[-0.2rem] rounded px-px py-[0.2rem] transition-colors duration-100 ease-in-out\">Je con\u00e7ois et mets en page des magazines au ton glamour et raffin\u00e9 : presse people, presse f\u00e9minine, dossiers th\u00e9matiques autour de grandes figures de la culture ou du spectacle\u2026 Chaque projet b\u00e9n\u00e9ficie d\u2019une attention particuli\u00e8re, d\u2019un soin typographique pr\u00e9cis et d\u2019une mise en sc\u00e8ne graphique coh\u00e9rente avec l\u2019identit\u00e9 de votre publication.<\/span><\/p>\t\t\t\t\t\t\t\t<\/div>\n\t\t\t\t<\/div>\n\t\t\t\t\t<\/div>\n\t\t<\/div>\n\t\t\t\t\t<\/div>\n\t\t<\/section>\n\t\t\t\t<section class=\"elementor-section elementor-top-section elementor-element elementor-element-b472a10 elementor-hidden-mobile elementor-section-boxed elementor-section-height-default elementor-section-height-default\" data-id=\"b472a10\" data-element_type=\"section\" data-e-type=\"section\">\n\t\t\t\t\t\t<div class=\"elementor-container elementor-column-gap-default\">\n\t\t\t\t\t<div class=\"elementor-column elementor-col-50 elementor-top-column elementor-element elementor-element-ecd148b\" data-id=\"ecd148b\" data-element_type=\"column\" data-e-type=\"column\" data-settings=\"{&quot;background_background&quot;:&quot;classic&quot;}\">\n\t\t\t<div class=\"elementor-widget-wrap elementor-element-populated\">\n\t\t\t\t\t\t<div class=\"elementor-element elementor-element-3e095f4 elementor-widget elementor-widget-text-editor\" data-id=\"3e095f4\" data-element_type=\"widget\" data-e-type=\"widget\" data-widget_type=\"text-editor.default\">\n\t\t\t\t<div class=\"elementor-widget-container\">\n\t\t\t\t\t\t\t\t\t<p class=\"\" data-start=\"471\" data-end=\"552\"><span class=\"relative -mx-px my-[-0.2rem] rounded px-px py-[0.2rem] transition-colors duration-100 ease-in-out\">Mon expertise s\u2019\u00e9tend \u00e9galement aux ouvrages \u00e9ditoriaux : livres de cuisine, de d\u00e9coration, de voyage&#8230; Chaque mise en page est pens\u00e9e pour valoriser vos visuels, structurer l\u2019information avec fluidit\u00e9 et offrir une exp\u00e9rience de lecture \u00e0 la fois esth\u00e9tique et fonctionnelle. Le fond et la forme se r\u00e9pondent pour donner naissance \u00e0 un objet \u00e9ditorial harmonieux et attractif.<\/span>\u200b<\/p><p><span class=\"relative -mx-px my-[-0.2rem] rounded px-px py-[0.2rem] transition-colors duration-100 ease-in-out\">Chaque collaboration d\u00e9bute par une \u00e9coute attentive de vos besoins, suivie d\u2019une proposition sur devis, enti\u00e8rement personnalis\u00e9e. Vous avez un projet ? Parlons-en.<\/span>\u200b<\/p>\t\t\t\t\t\t\t\t<\/div>\n\t\t\t\t<\/div>\n\t\t\t\t<div class=\"elementor-element elementor-element-e4d74ac elementor-align-center elementor-widget elementor-widget-button\" data-id=\"e4d74ac\" data-element_type=\"widget\" data-e-type=\"widget\" data-widget_type=\"button.default\">\n\t\t\t\t<div class=\"elementor-widget-container\">\n\t\t\t\t\t\t\t\t\t<div class=\"elementor-button-wrapper\">\n\t\t\t\t\t<a class=\"elementor-button elementor-button-link elementor-size-md\" href=\"https:\/\/www.studio-ema.com\/index.php\/contact\/\">\n\t\t\t\t\t\t<span class=\"elementor-button-content-wrapper\">\n\t\t\t\t\t\t\t\t\t<span class=\"elementor-button-text\">Sur devis<\/span>\n\t\t\t\t\t<\/span>\n\t\t\t\t\t<\/a>\n\t\t\t\t<\/div>\n\t\t\t\t\t\t\t\t<\/div>\n\t\t\t\t<\/div>\n\t\t\t\t\t<\/div>\n\t\t<\/div>\n\t\t\t\t<div class=\"elementor-column elementor-col-50 elementor-top-column elementor-element elementor-element-10110e3\" data-id=\"10110e3\" data-element_type=\"column\" data-e-type=\"column\" data-settings=\"{&quot;background_background&quot;:&quot;classic&quot;}\">\n\t\t\t<div class=\"elementor-widget-wrap elementor-element-populated\">\n\t\t\t\t\t\t<div class=\"elementor-element elementor-element-337460f elementor-widget elementor-widget-image\" data-id=\"337460f\" data-element_type=\"widget\" data-e-type=\"widget\" data-widget_type=\"image.default\">\n\t\t\t\t<div class=\"elementor-widget-container\">\n\t\t\t\t\t\t\t\t\t\t\t\t\t\t\t<img loading=\"lazy\" decoding=\"async\" width=\"1280\" height=\"857\" src=\"https:\/\/www.studio-ema.com\/wp-content\/uploads\/2020\/12\/trendy_mag_03-copie.jpg\" class=\"attachment-full size-full wp-image-2352\" alt=\"Trendy Mag studio Ema \u00e9dition presse maquette direction artistique\" srcset=\"https:\/\/www.studio-ema.com\/wp-content\/uploads\/2020\/12\/trendy_mag_03-copie.jpg 1280w, https:\/\/www.studio-ema.com\/wp-content\/uploads\/2020\/12\/trendy_mag_03-copie-300x201.jpg 300w, https:\/\/www.studio-ema.com\/wp-content\/uploads\/2020\/12\/trendy_mag_03-copie-1024x686.jpg 1024w, https:\/\/www.studio-ema.com\/wp-content\/uploads\/2020\/12\/trendy_mag_03-copie-768x514.jpg 768w\" sizes=\"100vw\" \/>\t\t\t\t\t\t\t\t\t\t\t\t\t\t\t<\/div>\n\t\t\t\t<\/div>\n\t\t\t\t\t<\/div>\n\t\t<\/div>\n\t\t\t\t\t<\/div>\n\t\t<\/section>\n\t\t\t\t<section class=\"elementor-section elementor-top-section elementor-element elementor-element-03f8905 elementor-hidden-desktop elementor-hidden-tablet elementor-section-boxed elementor-section-height-default elementor-section-height-default\" data-id=\"03f8905\" data-element_type=\"section\" data-e-type=\"section\">\n\t\t\t\t\t\t<div class=\"elementor-container elementor-column-gap-default\">\n\t\t\t\t\t<div class=\"elementor-column elementor-col-100 elementor-top-column elementor-element elementor-element-5af7371\" data-id=\"5af7371\" data-element_type=\"column\" data-e-type=\"column\" data-settings=\"{&quot;background_background&quot;:&quot;classic&quot;}\">\n\t\t\t<div class=\"elementor-widget-wrap elementor-element-populated\">\n\t\t\t\t\t\t<div class=\"elementor-element elementor-element-b86abbc elementor-widget elementor-widget-text-editor\" data-id=\"b86abbc\" data-element_type=\"widget\" data-e-type=\"widget\" data-widget_type=\"text-editor.default\">\n\t\t\t\t<div class=\"elementor-widget-container\">\n\t\t\t\t\t\t\t\t\t<p class=\"\" data-start=\"471\" data-end=\"552\"><span class=\"relative -mx-px my-[-0.2rem] rounded px-px py-[0.2rem] transition-colors duration-100 ease-in-out\">Mon expertise s\u2019\u00e9tend \u00e9galement aux ouvrages \u00e9ditoriaux : livres de cuisine, de d\u00e9coration, de voyage&#8230; Chaque mise en page est pens\u00e9e pour valoriser vos visuels, structurer l\u2019information avec fluidit\u00e9 et offrir une exp\u00e9rience de lecture \u00e0 la fois esth\u00e9tique et fonctionnelle. Le fond et la forme se r\u00e9pondent pour donner naissance \u00e0 un objet \u00e9ditorial harmonieux et attractif.<\/span>\u200b<\/p><p><span class=\"relative -mx-px my-[-0.2rem] rounded px-px py-[0.2rem] transition-colors duration-100 ease-in-out\">Chaque collaboration d\u00e9bute par une \u00e9coute attentive de vos besoins, suivie d\u2019une proposition sur devis, enti\u00e8rement personnalis\u00e9e. Vous avez un projet ?<br \/>Parlons-en.<\/span>\u200b<\/p>\t\t\t\t\t\t\t\t<\/div>\n\t\t\t\t<\/div>\n\t\t\t\t<div class=\"elementor-element elementor-element-1974d7f elementor-align-center elementor-widget elementor-widget-button\" data-id=\"1974d7f\" data-element_type=\"widget\" data-e-type=\"widget\" data-widget_type=\"button.default\">\n\t\t\t\t<div class=\"elementor-widget-container\">\n\t\t\t\t\t\t\t\t\t<div class=\"elementor-button-wrapper\">\n\t\t\t\t\t<a class=\"elementor-button elementor-button-link elementor-size-md\" href=\"https:\/\/www.studio-ema.com\/index.php\/contact\/\">\n\t\t\t\t\t\t<span class=\"elementor-button-content-wrapper\">\n\t\t\t\t\t\t\t\t\t<span class=\"elementor-button-text\">Sur devis<\/span>\n\t\t\t\t\t<\/span>\n\t\t\t\t\t<\/a>\n\t\t\t\t<\/div>\n\t\t\t\t\t\t\t\t<\/div>\n\t\t\t\t<\/div>\n\t\t\t\t<div class=\"elementor-element elementor-element-8c04836 elementor-widget elementor-widget-image\" data-id=\"8c04836\" data-element_type=\"widget\" data-e-type=\"widget\" data-widget_type=\"image.default\">\n\t\t\t\t<div class=\"elementor-widget-container\">\n\t\t\t\t\t\t\t\t\t\t\t\t\t\t\t<img loading=\"lazy\" decoding=\"async\" width=\"300\" height=\"201\" src=\"https:\/\/www.studio-ema.com\/wp-content\/uploads\/2020\/12\/trendy_mag_03-copie-300x201.jpg\" class=\"attachment-medium size-medium wp-image-2352\" alt=\"Trendy Mag studio Ema \u00e9dition presse maquette direction artistique\" srcset=\"https:\/\/www.studio-ema.com\/wp-content\/uploads\/2020\/12\/trendy_mag_03-copie-300x201.jpg 300w, https:\/\/www.studio-ema.com\/wp-content\/uploads\/2020\/12\/trendy_mag_03-copie-1024x686.jpg 1024w, https:\/\/www.studio-ema.com\/wp-content\/uploads\/2020\/12\/trendy_mag_03-copie-768x514.jpg 768w, https:\/\/www.studio-ema.com\/wp-content\/uploads\/2020\/12\/trendy_mag_03-copie.jpg 1280w\" sizes=\"100vw\" \/>\t\t\t\t\t\t\t\t\t\t\t\t\t\t\t<\/div>\n\t\t\t\t<\/div>\n\t\t\t\t<div class=\"elementor-element elementor-element-480d2dc elementor-widget elementor-widget-image\" data-id=\"480d2dc\" data-element_type=\"widget\" data-e-type=\"widget\" data-widget_type=\"image.default\">\n\t\t\t\t<div class=\"elementor-widget-container\">\n\t\t\t\t\t\t\t\t\t\t\t\t\t\t\t<img loading=\"lazy\" decoding=\"async\" width=\"300\" height=\"224\" src=\"https:\/\/www.studio-ema.com\/wp-content\/uploads\/2023\/12\/image-14-300x224.png\" class=\"attachment-medium size-medium wp-image-3725\" alt=\"\" srcset=\"https:\/\/www.studio-ema.com\/wp-content\/uploads\/2023\/12\/image-14-300x224.png 300w, https:\/\/www.studio-ema.com\/wp-content\/uploads\/2023\/12\/image-14.png 451w\" sizes=\"100vw\" \/>\t\t\t\t\t\t\t\t\t\t\t\t\t\t\t<\/div>\n\t\t\t\t<\/div>\n\t\t\t\t\t<\/div>\n\t\t<\/div>\n\t\t\t\t\t<\/div>\n\t\t<\/section>\n\t\t\t\t<section class=\"elementor-section elementor-top-section elementor-element elementor-element-0c76846 elementor-hidden-mobile elementor-section-boxed elementor-section-height-default elementor-section-height-default\" data-id=\"0c76846\" data-element_type=\"section\" data-e-type=\"section\">\n\t\t\t\t\t\t<div class=\"elementor-container elementor-column-gap-default\">\n\t\t\t\t\t<div class=\"elementor-column elementor-col-100 elementor-top-column elementor-element elementor-element-11f43d2\" data-id=\"11f43d2\" data-element_type=\"column\" data-e-type=\"column\">\n\t\t\t<div class=\"elementor-widget-wrap elementor-element-populated\">\n\t\t\t\t\t\t<div class=\"elementor-element elementor-element-d21b919 elementor-align-center elementor-widget elementor-widget-button\" data-id=\"d21b919\" data-element_type=\"widget\" data-e-type=\"widget\" data-widget_type=\"button.default\">\n\t\t\t\t<div class=\"elementor-widget-container\">\n\t\t\t\t\t\t\t\t\t<div class=\"elementor-button-wrapper\">\n\t\t\t\t\t<a class=\"elementor-button elementor-button-link elementor-size-lg\" href=\"https:\/\/www.studio-ema.com\/index.php\/contact\/\">\n\t\t\t\t\t\t<span class=\"elementor-button-content-wrapper\">\n\t\t\t\t\t\t<span class=\"elementor-button-icon\">\n\t\t\t\t<i aria-hidden=\"true\" class=\"fas fa-arrow-right\"><\/i>\t\t\t<\/span>\n\t\t\t\t\t\t\t\t\t<span class=\"elementor-button-text\">Contactez-moi !<\/span>\n\t\t\t\t\t<\/span>\n\t\t\t\t\t<\/a>\n\t\t\t\t<\/div>\n\t\t\t\t\t\t\t\t<\/div>\n\t\t\t\t<\/div>\n\t\t\t\t\t<\/div>\n\t\t<\/div>\n\t\t\t\t\t<\/div>\n\t\t<\/section>\n\t\t\t\t<section class=\"elementor-section elementor-top-section elementor-element elementor-element-9694389 elementor-hidden-desktop elementor-hidden-tablet elementor-section-boxed elementor-section-height-default elementor-section-height-default\" data-id=\"9694389\" data-element_type=\"section\" data-e-type=\"section\">\n\t\t\t\t\t\t<div class=\"elementor-container elementor-column-gap-default\">\n\t\t\t\t\t<div class=\"elementor-column elementor-col-100 elementor-top-column elementor-element elementor-element-bf47f37\" data-id=\"bf47f37\" data-element_type=\"column\" data-e-type=\"column\">\n\t\t\t<div class=\"elementor-widget-wrap elementor-element-populated\">\n\t\t\t\t\t\t<div class=\"elementor-element elementor-element-62a15a9 elementor-align-center elementor-widget elementor-widget-button\" data-id=\"62a15a9\" data-element_type=\"widget\" data-e-type=\"widget\" data-widget_type=\"button.default\">\n\t\t\t\t<div class=\"elementor-widget-container\">\n\t\t\t\t\t\t\t\t\t<div class=\"elementor-button-wrapper\">\n\t\t\t\t\t<a class=\"elementor-button elementor-button-link elementor-size-lg\" href=\"https:\/\/www.studio-ema.com\/index.php\/contact\/\">\n\t\t\t\t\t\t<span class=\"elementor-button-content-wrapper\">\n\t\t\t\t\t\t<span class=\"elementor-button-icon\">\n\t\t\t\t<i aria-hidden=\"true\" class=\"fas fa-arrow-right\"><\/i>\t\t\t<\/span>\n\t\t\t\t\t\t\t\t\t<span class=\"elementor-button-text\">Contactez-moi !<\/span>\n\t\t\t\t\t<\/span>\n\t\t\t\t\t<\/a>\n\t\t\t\t<\/div>\n\t\t\t\t\t\t\t\t<\/div>\n\t\t\t\t<\/div>\n\t\t\t\t\t<\/div>\n\t\t<\/div>\n\t\t\t\t\t<\/div>\n\t\t<\/section>\n\t\t\t\t<\/div>\n\t\t","protected":false},"excerpt":{"rendered":"<p>PRESSE &amp; \u00c9DITION NON, le print n&#8217;est pas mort, loin de l\u00e0 ! Je mets \u00e9galement mon savoir-faire au service des \u00e9diteurs, des r\u00e9dactions, des maisons d\u2019\u00e9dition et aussi des auto-\u00e9diteurs en qu\u00eate d\u2019une direction artistique \u00e9l\u00e9gante, structur\u00e9e et percutante. Mon univers visuel allie exigence graphique, sens du d\u00e9tail et justesse \u00e9ditoriale, pour sublimer vos &hellip; <\/p>\n<p class=\"link-more\"><a href=\"https:\/\/www.studio-ema.com\/index.php\/presse\/\" class=\"more-link\">Continuer la lecture<span class=\"screen-reader-text\"> de &laquo;&nbsp;Presse &#038; \u00c9dition&nbsp;&raquo;<\/span><\/a><\/p>\n","protected":false},"author":1,"featured_media":0,"parent":0,"menu_order":0,"comment_status":"closed","ping_status":"closed","template":"elementor_canvas","meta":{"_acf_changed":false,"footnotes":""},"class_list":["post-4611","page","type-page","status-publish","hentry"],"acf":[],"_links":{"self":[{"href":"https:\/\/www.studio-ema.com\/index.php\/wp-json\/wp\/v2\/pages\/4611","targetHints":{"allow":["GET"]}}],"collection":[{"href":"https:\/\/www.studio-ema.com\/index.php\/wp-json\/wp\/v2\/pages"}],"about":[{"href":"https:\/\/www.studio-ema.com\/index.php\/wp-json\/wp\/v2\/types\/page"}],"author":[{"embeddable":true,"href":"https:\/\/www.studio-ema.com\/index.php\/wp-json\/wp\/v2\/users\/1"}],"replies":[{"embeddable":true,"href":"https:\/\/www.studio-ema.com\/index.php\/wp-json\/wp\/v2\/comments?post=4611"}],"version-history":[{"count":27,"href":"https:\/\/www.studio-ema.com\/index.php\/wp-json\/wp\/v2\/pages\/4611\/revisions"}],"predecessor-version":[{"id":4650,"href":"https:\/\/www.studio-ema.com\/index.php\/wp-json\/wp\/v2\/pages\/4611\/revisions\/4650"}],"wp:attachment":[{"href":"https:\/\/www.studio-ema.com\/index.php\/wp-json\/wp\/v2\/media?parent=4611"}],"curies":[{"name":"wp","href":"https:\/\/api.w.org\/{rel}","templated":true}]}}