{"id":3722,"date":"2023-12-17T21:06:39","date_gmt":"2023-12-17T20:06:39","guid":{"rendered":"https:\/\/www.studio-ema.com\/?page_id=3722"},"modified":"2025-04-24T10:50:55","modified_gmt":"2025-04-24T08:50:55","slug":"offre-print-media","status":"publish","type":"page","link":"https:\/\/www.studio-ema.com\/index.php\/offre-print-media\/","title":{"rendered":"Print &#038; M\u00e9dia"},"content":{"rendered":"\t\t<div data-elementor-type=\"wp-page\" data-elementor-id=\"3722\" class=\"elementor elementor-3722\" data-elementor-post-type=\"page\">\n\t\t\t\t\t\t<section class=\"elementor-section elementor-top-section elementor-element elementor-element-14e6898 elementor-hidden-mobile elementor-section-boxed elementor-section-height-default elementor-section-height-default\" data-id=\"14e6898\" data-element_type=\"section\" data-e-type=\"section\">\n\t\t\t\t\t\t<div class=\"elementor-container elementor-column-gap-default\">\n\t\t\t\t\t<div class=\"elementor-column elementor-col-50 elementor-top-column elementor-element elementor-element-d9f8df1\" data-id=\"d9f8df1\" data-element_type=\"column\" data-e-type=\"column\">\n\t\t\t<div class=\"elementor-widget-wrap elementor-element-populated\">\n\t\t\t\t\t\t<div class=\"elementor-element elementor-element-23e45fd elementor-widget elementor-widget-heading\" data-id=\"23e45fd\" data-element_type=\"widget\" data-e-type=\"widget\" data-widget_type=\"heading.default\">\n\t\t\t\t<div class=\"elementor-widget-container\">\n\t\t\t\t\t<h1 class=\"elementor-heading-title elementor-size-xxl\">PRINT &amp; MEDIAS<\/h1>\t\t\t\t<\/div>\n\t\t\t\t<\/div>\n\t\t\t\t<div class=\"elementor-element elementor-element-58c15b4 elementor-widget elementor-widget-heading\" data-id=\"58c15b4\" data-element_type=\"widget\" data-e-type=\"widget\" data-widget_type=\"heading.default\">\n\t\t\t\t<div class=\"elementor-widget-container\">\n\t\t\t\t\t<h2 class=\"elementor-heading-title elementor-size-default\">Offline<\/h2>\t\t\t\t<\/div>\n\t\t\t\t<\/div>\n\t\t\t\t<div class=\"elementor-element elementor-element-098c831 elementor-widget elementor-widget-text-editor\" data-id=\"098c831\" data-element_type=\"widget\" data-e-type=\"widget\" data-widget_type=\"text-editor.default\">\n\t\t\t\t<div class=\"elementor-widget-container\">\n\t\t\t\t\t\t\t\t\t<p style=\"text-align: center;\">NON, le print n&#8217;est pas mort, loin de l\u00e0 !<\/p>\t\t\t\t\t\t\t\t<\/div>\n\t\t\t\t<\/div>\n\t\t\t\t<div class=\"elementor-element elementor-element-3ea1a00 elementor-widget elementor-widget-image\" data-id=\"3ea1a00\" data-element_type=\"widget\" data-e-type=\"widget\" data-widget_type=\"image.default\">\n\t\t\t\t<div class=\"elementor-widget-container\">\n\t\t\t\t\t\t\t\t\t\t\t\t\t\t\t<img fetchpriority=\"high\" decoding=\"async\" width=\"740\" height=\"422\" src=\"https:\/\/www.studio-ema.com\/wp-content\/uploads\/2023\/12\/image-16-768x438.png\" class=\"attachment-medium_large size-medium_large wp-image-3728\" alt=\"\" srcset=\"https:\/\/www.studio-ema.com\/wp-content\/uploads\/2023\/12\/image-16-768x438.png 768w, https:\/\/www.studio-ema.com\/wp-content\/uploads\/2023\/12\/image-16-300x171.png 300w, https:\/\/www.studio-ema.com\/wp-content\/uploads\/2023\/12\/image-16.png 828w\" sizes=\"100vw\" \/>\t\t\t\t\t\t\t\t\t\t\t\t\t\t\t<\/div>\n\t\t\t\t<\/div>\n\t\t\t\t\t<\/div>\n\t\t<\/div>\n\t\t\t\t<div class=\"elementor-column elementor-col-50 elementor-top-column elementor-element elementor-element-9f6ca98\" data-id=\"9f6ca98\" data-element_type=\"column\" data-e-type=\"column\">\n\t\t\t<div class=\"elementor-widget-wrap elementor-element-populated\">\n\t\t\t\t\t\t<div class=\"elementor-element elementor-element-afd81e1 elementor-widget elementor-widget-image\" data-id=\"afd81e1\" data-element_type=\"widget\" data-e-type=\"widget\" data-widget_type=\"image.default\">\n\t\t\t\t<div class=\"elementor-widget-container\">\n\t\t\t\t\t\t\t\t\t\t\t\t\t\t\t<img decoding=\"async\" width=\"740\" height=\"435\" src=\"https:\/\/www.studio-ema.com\/wp-content\/uploads\/2024\/10\/StudioEma_Projets_Florenity_lesJoyauxPurs17-1024x602.jpg\" class=\"attachment-large size-large wp-image-4394\" alt=\"Studio Ema Florenity Les Joyaux purs identit\u00e9 visuelle logo packaging strat\u00e9gie cr\u00e9ative\" srcset=\"https:\/\/www.studio-ema.com\/wp-content\/uploads\/2024\/10\/StudioEma_Projets_Florenity_lesJoyauxPurs17-1024x602.jpg 1024w, https:\/\/www.studio-ema.com\/wp-content\/uploads\/2024\/10\/StudioEma_Projets_Florenity_lesJoyauxPurs17-300x176.jpg 300w, https:\/\/www.studio-ema.com\/wp-content\/uploads\/2024\/10\/StudioEma_Projets_Florenity_lesJoyauxPurs17-768x452.jpg 768w, https:\/\/www.studio-ema.com\/wp-content\/uploads\/2024\/10\/StudioEma_Projets_Florenity_lesJoyauxPurs17-1536x903.jpg 1536w, https:\/\/www.studio-ema.com\/wp-content\/uploads\/2024\/10\/StudioEma_Projets_Florenity_lesJoyauxPurs17-2048x1204.jpg 2048w, https:\/\/www.studio-ema.com\/wp-content\/uploads\/2024\/10\/StudioEma_Projets_Florenity_lesJoyauxPurs17-1320x776.jpg 1320w\" sizes=\"100vw\" \/>\t\t\t\t\t\t\t\t\t\t\t\t\t\t\t<\/div>\n\t\t\t\t<\/div>\n\t\t\t\t<div class=\"elementor-element elementor-element-3e642a1 elementor-widget__width-initial elementor-widget elementor-widget-text-editor\" data-id=\"3e642a1\" data-element_type=\"widget\" data-e-type=\"widget\" data-widget_type=\"text-editor.default\">\n\t\t\t\t<div class=\"elementor-widget-container\">\n\t\t\t\t\t\t\t\t\t<p>Il permet d\u2019impacter votre interlocuteur lorsque vous \u00eates en pr\u00e9sentiel, quand vous vous adressez \u00e0 un public, quand vous pr\u00e9sentez vos produits, vos services et quand vous souhaitez marquer les esprits. Rien de tel qu\u2019une carte de visite qui sort du commun, un packaging efficace et original, un catalogue produit qui donne envie d\u2019\u00eatre feuillet\u00e9, une b\u00e2che sur un stand pour attirer la foule, un roll-up qui attire &#8230;<\/p>\t\t\t\t\t\t\t\t<\/div>\n\t\t\t\t<\/div>\n\t\t\t\t\t<\/div>\n\t\t<\/div>\n\t\t\t\t\t<\/div>\n\t\t<\/section>\n\t\t\t\t<section class=\"elementor-section elementor-top-section elementor-element elementor-element-07936cc elementor-hidden-desktop elementor-hidden-tablet elementor-section-boxed elementor-section-height-default elementor-section-height-default\" data-id=\"07936cc\" data-element_type=\"section\" data-e-type=\"section\">\n\t\t\t\t\t\t<div class=\"elementor-container elementor-column-gap-default\">\n\t\t\t\t\t<div class=\"elementor-column elementor-col-100 elementor-top-column elementor-element elementor-element-e8784c3\" data-id=\"e8784c3\" data-element_type=\"column\" data-e-type=\"column\">\n\t\t\t<div class=\"elementor-widget-wrap elementor-element-populated\">\n\t\t\t\t\t\t<div class=\"elementor-element elementor-element-40fe935 elementor-widget elementor-widget-heading\" data-id=\"40fe935\" data-element_type=\"widget\" data-e-type=\"widget\" data-widget_type=\"heading.default\">\n\t\t\t\t<div class=\"elementor-widget-container\">\n\t\t\t\t\t<h1 class=\"elementor-heading-title elementor-size-xxl\">PRINT &amp; MEDIAS<\/h1>\t\t\t\t<\/div>\n\t\t\t\t<\/div>\n\t\t\t\t<div class=\"elementor-element elementor-element-bb3fcc2 elementor-widget elementor-widget-heading\" data-id=\"bb3fcc2\" data-element_type=\"widget\" data-e-type=\"widget\" data-widget_type=\"heading.default\">\n\t\t\t\t<div class=\"elementor-widget-container\">\n\t\t\t\t\t<h2 class=\"elementor-heading-title elementor-size-default\">Offline<\/h2>\t\t\t\t<\/div>\n\t\t\t\t<\/div>\n\t\t\t\t<div class=\"elementor-element elementor-element-3aba358 elementor-widget elementor-widget-text-editor\" data-id=\"3aba358\" data-element_type=\"widget\" data-e-type=\"widget\" data-widget_type=\"text-editor.default\">\n\t\t\t\t<div class=\"elementor-widget-container\">\n\t\t\t\t\t\t\t\t\t<p style=\"text-align: center;\">NON, le print n&#8217;est pas mort, loin de l\u00e0 !<\/p>\t\t\t\t\t\t\t\t<\/div>\n\t\t\t\t<\/div>\n\t\t\t\t<div class=\"elementor-element elementor-element-41c6758 elementor-widget elementor-widget-image\" data-id=\"41c6758\" data-element_type=\"widget\" data-e-type=\"widget\" data-widget_type=\"image.default\">\n\t\t\t\t<div class=\"elementor-widget-container\">\n\t\t\t\t\t\t\t\t\t\t\t\t\t\t\t<img fetchpriority=\"high\" decoding=\"async\" width=\"740\" height=\"422\" src=\"https:\/\/www.studio-ema.com\/wp-content\/uploads\/2023\/12\/image-16-768x438.png\" class=\"attachment-medium_large size-medium_large wp-image-3728\" alt=\"\" srcset=\"https:\/\/www.studio-ema.com\/wp-content\/uploads\/2023\/12\/image-16-768x438.png 768w, https:\/\/www.studio-ema.com\/wp-content\/uploads\/2023\/12\/image-16-300x171.png 300w, https:\/\/www.studio-ema.com\/wp-content\/uploads\/2023\/12\/image-16.png 828w\" sizes=\"100vw\" \/>\t\t\t\t\t\t\t\t\t\t\t\t\t\t\t<\/div>\n\t\t\t\t<\/div>\n\t\t\t\t<div class=\"elementor-element elementor-element-961a278 elementor-widget elementor-widget-text-editor\" data-id=\"961a278\" data-element_type=\"widget\" data-e-type=\"widget\" data-widget_type=\"text-editor.default\">\n\t\t\t\t<div class=\"elementor-widget-container\">\n\t\t\t\t\t\t\t\t\t<p style=\"text-align: left;\">Il permet d\u2019impacter votre interlocuteur lorsque vous \u00eates en pr\u00e9sentiel, quand vous vous adressez \u00e0 un public, quand vous pr\u00e9sentez vos produits, vos services et quand vous souhaitez marquer les esprits. Rien de tel qu\u2019une carte de visite qui sort du commun, un packaging efficace et original, un catalogue produit qui donne envie d\u2019\u00eatre feuillet\u00e9, une b\u00e2che sur un stand pour attirer la foule, un roll-up qui attire &#8230;<\/p>\t\t\t\t\t\t\t\t<\/div>\n\t\t\t\t<\/div>\n\t\t\t\t<div class=\"elementor-element elementor-element-e0f8867 elementor-widget elementor-widget-image\" data-id=\"e0f8867\" data-element_type=\"widget\" data-e-type=\"widget\" data-widget_type=\"image.default\">\n\t\t\t\t<div class=\"elementor-widget-container\">\n\t\t\t\t\t\t\t\t\t\t\t\t\t\t\t<img decoding=\"async\" width=\"740\" height=\"435\" src=\"https:\/\/www.studio-ema.com\/wp-content\/uploads\/2024\/10\/StudioEma_Projets_Florenity_lesJoyauxPurs17-1024x602.jpg\" class=\"attachment-large size-large wp-image-4394\" alt=\"Studio Ema Florenity Les Joyaux purs identit\u00e9 visuelle logo packaging strat\u00e9gie cr\u00e9ative\" srcset=\"https:\/\/www.studio-ema.com\/wp-content\/uploads\/2024\/10\/StudioEma_Projets_Florenity_lesJoyauxPurs17-1024x602.jpg 1024w, https:\/\/www.studio-ema.com\/wp-content\/uploads\/2024\/10\/StudioEma_Projets_Florenity_lesJoyauxPurs17-300x176.jpg 300w, https:\/\/www.studio-ema.com\/wp-content\/uploads\/2024\/10\/StudioEma_Projets_Florenity_lesJoyauxPurs17-768x452.jpg 768w, https:\/\/www.studio-ema.com\/wp-content\/uploads\/2024\/10\/StudioEma_Projets_Florenity_lesJoyauxPurs17-1536x903.jpg 1536w, https:\/\/www.studio-ema.com\/wp-content\/uploads\/2024\/10\/StudioEma_Projets_Florenity_lesJoyauxPurs17-2048x1204.jpg 2048w, https:\/\/www.studio-ema.com\/wp-content\/uploads\/2024\/10\/StudioEma_Projets_Florenity_lesJoyauxPurs17-1320x776.jpg 1320w\" sizes=\"100vw\" \/>\t\t\t\t\t\t\t\t\t\t\t\t\t\t\t<\/div>\n\t\t\t\t<\/div>\n\t\t\t\t\t<\/div>\n\t\t<\/div>\n\t\t\t\t\t<\/div>\n\t\t<\/section>\n\t\t\t\t<section class=\"elementor-section elementor-top-section elementor-element elementor-element-b472a10 elementor-hidden-mobile elementor-section-boxed elementor-section-height-default elementor-section-height-default\" data-id=\"b472a10\" data-element_type=\"section\" data-e-type=\"section\">\n\t\t\t\t\t\t<div class=\"elementor-container elementor-column-gap-default\">\n\t\t\t\t\t<div class=\"elementor-column elementor-col-50 elementor-top-column elementor-element elementor-element-ecd148b\" data-id=\"ecd148b\" data-element_type=\"column\" data-e-type=\"column\" data-settings=\"{&quot;background_background&quot;:&quot;classic&quot;}\">\n\t\t\t<div class=\"elementor-widget-wrap elementor-element-populated\">\n\t\t\t\t\t\t<div class=\"elementor-element elementor-element-3e095f4 elementor-widget elementor-widget-text-editor\" data-id=\"3e095f4\" data-element_type=\"widget\" data-e-type=\"widget\" data-widget_type=\"text-editor.default\">\n\t\t\t\t<div class=\"elementor-widget-container\">\n\t\t\t\t\t\t\t\t\t<p><span style=\"font-size: 18pt; font-family: gotham-medium;\">Les domaines d&#8217;application\u00a0<\/span><\/p><ul><li style=\"list-style-type: none;\"><ul><li><span style=\"font-size: 12pt; font-family: gotham-medium;\">CATALOGUE PRODUITS<\/span><\/li><li><span style=\"font-size: 12pt; font-family: gotham-medium;\">PLAQUETTE DE PR\u00c9SENTATION<\/span><\/li><li><span style=\"font-size: 12pt; font-family: gotham-medium;\">PAPETERIE (CARTE DE VISITE, PAPIER EN-T\u00caTE, BLOC DE COMMANDE, CARTE DE CORRESPONDANCE &#8230;)<\/span><\/li><li><span style=\"font-size: 12pt; font-family: gotham-medium;\">AFFICHE<\/span><\/li><li><span style=\"font-size: 12pt; font-family: gotham-medium;\">FLYER<\/span><\/li><li><span style=\"font-size: 12pt; font-family: gotham-medium;\">PACKAGING<\/span><\/li><li><span style=\"font-size: 12pt; font-family: gotham-medium;\">PLV\/CPV<\/span><\/li><li><span style=\"font-size: 12pt; font-family: gotham-medium;\">B\u00c2CHE, ROLL-UP<\/span><\/li><li><span style=\"font-size: 12pt; font-family: gotham-medium;\">STAND<\/span><\/li><\/ul><\/li><\/ul>\t\t\t\t\t\t\t\t<\/div>\n\t\t\t\t<\/div>\n\t\t\t\t<div class=\"elementor-element elementor-element-e4d74ac elementor-align-center elementor-widget elementor-widget-button\" data-id=\"e4d74ac\" data-element_type=\"widget\" data-e-type=\"widget\" data-widget_type=\"button.default\">\n\t\t\t\t<div class=\"elementor-widget-container\">\n\t\t\t\t\t\t\t\t\t<div class=\"elementor-button-wrapper\">\n\t\t\t\t\t<a class=\"elementor-button elementor-button-link elementor-size-md\" href=\"https:\/\/www.studio-ema.com\/index.php\/contact\/\">\n\t\t\t\t\t\t<span class=\"elementor-button-content-wrapper\">\n\t\t\t\t\t\t\t\t\t<span class=\"elementor-button-text\">Sur devis<\/span>\n\t\t\t\t\t<\/span>\n\t\t\t\t\t<\/a>\n\t\t\t\t<\/div>\n\t\t\t\t\t\t\t\t<\/div>\n\t\t\t\t<\/div>\n\t\t\t\t\t<\/div>\n\t\t<\/div>\n\t\t\t\t<div class=\"elementor-column elementor-col-50 elementor-top-column elementor-element elementor-element-10110e3\" data-id=\"10110e3\" data-element_type=\"column\" data-e-type=\"column\" data-settings=\"{&quot;background_background&quot;:&quot;classic&quot;}\">\n\t\t\t<div class=\"elementor-widget-wrap elementor-element-populated\">\n\t\t\t\t\t\t<div class=\"elementor-element elementor-element-337460f elementor-widget elementor-widget-image\" data-id=\"337460f\" data-element_type=\"widget\" data-e-type=\"widget\" data-widget_type=\"image.default\">\n\t\t\t\t<div class=\"elementor-widget-container\">\n\t\t\t\t\t\t\t\t\t\t\t\t\t\t\t<img decoding=\"async\" width=\"450\" height=\"340\" src=\"https:\/\/www.studio-ema.com\/wp-content\/uploads\/2023\/12\/image-13.png\" class=\"attachment-2048x2048 size-2048x2048 wp-image-3724\" alt=\"\" srcset=\"https:\/\/www.studio-ema.com\/wp-content\/uploads\/2023\/12\/image-13.png 450w, https:\/\/www.studio-ema.com\/wp-content\/uploads\/2023\/12\/image-13-300x227.png 300w\" sizes=\"100vw\" \/>\t\t\t\t\t\t\t\t\t\t\t\t\t\t\t<\/div>\n\t\t\t\t<\/div>\n\t\t\t\t\t<\/div>\n\t\t<\/div>\n\t\t\t\t\t<\/div>\n\t\t<\/section>\n\t\t\t\t<section class=\"elementor-section elementor-top-section elementor-element elementor-element-03f8905 elementor-hidden-desktop elementor-hidden-tablet elementor-section-boxed elementor-section-height-default elementor-section-height-default\" data-id=\"03f8905\" data-element_type=\"section\" data-e-type=\"section\">\n\t\t\t\t\t\t<div class=\"elementor-container elementor-column-gap-default\">\n\t\t\t\t\t<div class=\"elementor-column elementor-col-100 elementor-top-column elementor-element elementor-element-5af7371\" data-id=\"5af7371\" data-element_type=\"column\" data-e-type=\"column\" data-settings=\"{&quot;background_background&quot;:&quot;classic&quot;}\">\n\t\t\t<div class=\"elementor-widget-wrap elementor-element-populated\">\n\t\t\t\t\t\t<div class=\"elementor-element elementor-element-b86abbc elementor-widget elementor-widget-text-editor\" data-id=\"b86abbc\" data-element_type=\"widget\" data-e-type=\"widget\" data-widget_type=\"text-editor.default\">\n\t\t\t\t<div class=\"elementor-widget-container\">\n\t\t\t\t\t\t\t\t\t<p><span style=\"font-size: 18pt; font-family: gotham-medium;\">Les domaines d&#8217;application\u00a0<\/span><\/p><ul><li style=\"list-style-type: none;\"><ul><li><span style=\"font-family: gotham-medium; font-size: 12pt; font-style: var( --e-global-typography-text-font-style );\">CATALOGUE PRODUITS<\/span><\/li><li><span style=\"font-size: 12pt; font-family: gotham-medium;\">PLAQUETTE DE PR\u00c9SENTATION<\/span><\/li><li><span style=\"font-size: 12pt; font-family: gotham-medium;\">PAPETERIE (CARTE DE VISITE, PAPIER EN-T\u00caTE, BLOC DE COMMANDE, CARTE DE CORRESPONDANCE &#8230;)<\/span><\/li><li><span style=\"font-size: 12pt; font-family: gotham-medium;\">AFFICHE<\/span><\/li><li><span style=\"font-size: 12pt; font-family: gotham-medium;\">FLYER<\/span><\/li><li><span style=\"font-size: 12pt; font-family: gotham-medium;\">PACKAGING<\/span><\/li><li><span style=\"font-size: 12pt; font-family: gotham-medium;\">PLV\/CPV<\/span><\/li><li><span style=\"font-size: 12pt; font-family: gotham-medium;\">B\u00c2CHE, ROLL-UP<\/span><\/li><li><span style=\"font-size: 12pt; font-family: gotham-medium;\">STAND<\/span><\/li><\/ul><\/li><\/ul>\t\t\t\t\t\t\t\t<\/div>\n\t\t\t\t<\/div>\n\t\t\t\t<div class=\"elementor-element elementor-element-1974d7f elementor-align-center elementor-widget elementor-widget-button\" data-id=\"1974d7f\" data-element_type=\"widget\" data-e-type=\"widget\" data-widget_type=\"button.default\">\n\t\t\t\t<div class=\"elementor-widget-container\">\n\t\t\t\t\t\t\t\t\t<div class=\"elementor-button-wrapper\">\n\t\t\t\t\t<a class=\"elementor-button elementor-button-link elementor-size-md\" href=\"https:\/\/www.studio-ema.com\/index.php\/contact\/\">\n\t\t\t\t\t\t<span class=\"elementor-button-content-wrapper\">\n\t\t\t\t\t\t\t\t\t<span class=\"elementor-button-text\">Sur devis<\/span>\n\t\t\t\t\t<\/span>\n\t\t\t\t\t<\/a>\n\t\t\t\t<\/div>\n\t\t\t\t\t\t\t\t<\/div>\n\t\t\t\t<\/div>\n\t\t\t\t<div class=\"elementor-element elementor-element-8c04836 elementor-widget elementor-widget-image\" data-id=\"8c04836\" data-element_type=\"widget\" data-e-type=\"widget\" data-widget_type=\"image.default\">\n\t\t\t\t<div class=\"elementor-widget-container\">\n\t\t\t\t\t\t\t\t\t\t\t\t\t\t\t<img loading=\"lazy\" decoding=\"async\" width=\"300\" height=\"227\" src=\"https:\/\/www.studio-ema.com\/wp-content\/uploads\/2023\/12\/image-13-300x227.png\" class=\"attachment-medium size-medium wp-image-3724\" alt=\"\" srcset=\"https:\/\/www.studio-ema.com\/wp-content\/uploads\/2023\/12\/image-13-300x227.png 300w, https:\/\/www.studio-ema.com\/wp-content\/uploads\/2023\/12\/image-13.png 450w\" sizes=\"100vw\" \/>\t\t\t\t\t\t\t\t\t\t\t\t\t\t\t<\/div>\n\t\t\t\t<\/div>\n\t\t\t\t\t<\/div>\n\t\t<\/div>\n\t\t\t\t\t<\/div>\n\t\t<\/section>\n\t\t\t\t<section class=\"elementor-section elementor-top-section elementor-element elementor-element-0c76846 elementor-hidden-mobile elementor-section-boxed elementor-section-height-default elementor-section-height-default\" data-id=\"0c76846\" data-element_type=\"section\" data-e-type=\"section\">\n\t\t\t\t\t\t<div class=\"elementor-container elementor-column-gap-default\">\n\t\t\t\t\t<div class=\"elementor-column elementor-col-100 elementor-top-column elementor-element elementor-element-11f43d2\" data-id=\"11f43d2\" data-element_type=\"column\" data-e-type=\"column\">\n\t\t\t<div class=\"elementor-widget-wrap elementor-element-populated\">\n\t\t\t\t\t\t<div class=\"elementor-element elementor-element-d21b919 elementor-align-center elementor-widget elementor-widget-button\" data-id=\"d21b919\" data-element_type=\"widget\" data-e-type=\"widget\" data-widget_type=\"button.default\">\n\t\t\t\t<div class=\"elementor-widget-container\">\n\t\t\t\t\t\t\t\t\t<div class=\"elementor-button-wrapper\">\n\t\t\t\t\t<a class=\"elementor-button elementor-button-link elementor-size-lg\" href=\"https:\/\/www.studio-ema.com\/index.php\/contact\/\">\n\t\t\t\t\t\t<span class=\"elementor-button-content-wrapper\">\n\t\t\t\t\t\t<span class=\"elementor-button-icon\">\n\t\t\t\t<i aria-hidden=\"true\" class=\"fas fa-arrow-right\"><\/i>\t\t\t<\/span>\n\t\t\t\t\t\t\t\t\t<span class=\"elementor-button-text\">Contactez-moi !<\/span>\n\t\t\t\t\t<\/span>\n\t\t\t\t\t<\/a>\n\t\t\t\t<\/div>\n\t\t\t\t\t\t\t\t<\/div>\n\t\t\t\t<\/div>\n\t\t\t\t\t<\/div>\n\t\t<\/div>\n\t\t\t\t\t<\/div>\n\t\t<\/section>\n\t\t\t\t<section class=\"elementor-section elementor-top-section elementor-element elementor-element-9694389 elementor-hidden-desktop elementor-hidden-tablet elementor-section-boxed elementor-section-height-default elementor-section-height-default\" data-id=\"9694389\" data-element_type=\"section\" data-e-type=\"section\">\n\t\t\t\t\t\t<div class=\"elementor-container elementor-column-gap-default\">\n\t\t\t\t\t<div class=\"elementor-column elementor-col-100 elementor-top-column elementor-element elementor-element-bf47f37\" data-id=\"bf47f37\" data-element_type=\"column\" data-e-type=\"column\">\n\t\t\t<div class=\"elementor-widget-wrap elementor-element-populated\">\n\t\t\t\t\t\t<div class=\"elementor-element elementor-element-62a15a9 elementor-align-center elementor-widget elementor-widget-button\" data-id=\"62a15a9\" data-element_type=\"widget\" data-e-type=\"widget\" data-widget_type=\"button.default\">\n\t\t\t\t<div class=\"elementor-widget-container\">\n\t\t\t\t\t\t\t\t\t<div class=\"elementor-button-wrapper\">\n\t\t\t\t\t<a class=\"elementor-button elementor-button-link elementor-size-lg\" href=\"https:\/\/www.studio-ema.com\/index.php\/contact\/\">\n\t\t\t\t\t\t<span class=\"elementor-button-content-wrapper\">\n\t\t\t\t\t\t<span class=\"elementor-button-icon\">\n\t\t\t\t<i aria-hidden=\"true\" class=\"fas fa-arrow-right\"><\/i>\t\t\t<\/span>\n\t\t\t\t\t\t\t\t\t<span class=\"elementor-button-text\">Contactez-moi !<\/span>\n\t\t\t\t\t<\/span>\n\t\t\t\t\t<\/a>\n\t\t\t\t<\/div>\n\t\t\t\t\t\t\t\t<\/div>\n\t\t\t\t<\/div>\n\t\t\t\t\t<\/div>\n\t\t<\/div>\n\t\t\t\t\t<\/div>\n\t\t<\/section>\n\t\t\t\t<\/div>\n\t\t","protected":false},"excerpt":{"rendered":"<p>PRINT &#038; MEDIAS Offline NON, le print n&#8217;est pas mort, loin de l\u00e0 ! Il permet d\u2019impacter votre interlocuteur lorsque vous \u00eates en pr\u00e9sentiel, quand vous vous adressez \u00e0 un public, quand vous pr\u00e9sentez vos produits, vos services et quand vous souhaitez marquer les esprits. Rien de tel qu\u2019une carte de visite qui sort du &hellip; <\/p>\n<p class=\"link-more\"><a href=\"https:\/\/www.studio-ema.com\/index.php\/offre-print-media\/\" class=\"more-link\">Continuer la lecture<span class=\"screen-reader-text\"> de &laquo;&nbsp;Print &#038; M\u00e9dia&nbsp;&raquo;<\/span><\/a><\/p>\n","protected":false},"author":1,"featured_media":0,"parent":0,"menu_order":0,"comment_status":"closed","ping_status":"closed","template":"elementor_canvas","meta":{"_acf_changed":false,"footnotes":""},"class_list":["post-3722","page","type-page","status-publish","hentry"],"acf":[],"_links":{"self":[{"href":"https:\/\/www.studio-ema.com\/index.php\/wp-json\/wp\/v2\/pages\/3722","targetHints":{"allow":["GET"]}}],"collection":[{"href":"https:\/\/www.studio-ema.com\/index.php\/wp-json\/wp\/v2\/pages"}],"about":[{"href":"https:\/\/www.studio-ema.com\/index.php\/wp-json\/wp\/v2\/types\/page"}],"author":[{"embeddable":true,"href":"https:\/\/www.studio-ema.com\/index.php\/wp-json\/wp\/v2\/users\/1"}],"replies":[{"embeddable":true,"href":"https:\/\/www.studio-ema.com\/index.php\/wp-json\/wp\/v2\/comments?post=3722"}],"version-history":[{"count":50,"href":"https:\/\/www.studio-ema.com\/index.php\/wp-json\/wp\/v2\/pages\/3722\/revisions"}],"predecessor-version":[{"id":4757,"href":"https:\/\/www.studio-ema.com\/index.php\/wp-json\/wp\/v2\/pages\/3722\/revisions\/4757"}],"wp:attachment":[{"href":"https:\/\/www.studio-ema.com\/index.php\/wp-json\/wp\/v2\/media?parent=3722"}],"curies":[{"name":"wp","href":"https:\/\/api.w.org\/{rel}","templated":true}]}}